{"id":25,"date":"2019-05-14T21:17:51","date_gmt":"2019-05-14T21:17:51","guid":{"rendered":"http:\/\/onexxus.com.br\/blog\/?page_id=25"},"modified":"2019-05-14T21:19:31","modified_gmt":"2019-05-14T21:19:31","slug":"politica-de-privacidade","status":"publish","type":"page","link":"https:\/\/onexxus.com.br\/blog\/politica-de-privacidade\/","title":{"rendered":"Pol\u00edtica de Privacidade"},"content":{"rendered":"<p>Todas as suas informa\u00e7\u00f5es pessoais recolhidas ser\u00e3o usadas para o ajudar a tornar a sua visita no nosso blog o mais produtiva e agrad\u00e1vel poss\u00edvel.<\/p>\n<p>A garantia da confidencialidade dos dados pessoais dos utilizadores do nosso site \u00e9 importante para o blog O Nexxus.<\/p>\n<p>Todas as informa\u00e7\u00f5es pessoais relativas a membros, assinantes, clientes ou visitantes que usem o blog O Nexxus ser\u00e3o tratadas em concord\u00e2ncia com a Lei da Prote\u00e7\u00e3o de Dados Pessoais de 26 de outubro de 1998 (Lei n.\u00ba 67\/98).<\/p>\n<p>A informa\u00e7\u00e3o pessoal recolhida pode incluir o seu nome, e-mail, n\u00famero de telefone, endere\u00e7o, data de nascimento e\/ou outros.<\/p>\n<p>O uso do blog O Nexxus pressup\u00f5e a aceita\u00e7\u00e3o deste Acordo de Privacidade. A equipe do blog O Nexxus reserva-se ao direito de alterar este acordo sem aviso pr\u00e9vio. Deste modo, recomendamos que consulte a nossa Pol\u00edtica de Privacidade com regularidade de forma a estar sempre atualizado.<\/p>\n<h2>Os an\u00fancios<\/h2>\n<p>Tal como outros websites, coletamos e utilizamos informa\u00e7\u00e3o contida nos an\u00fancios. As informa\u00e7\u00f5es contidas nos an\u00fancios incluem o seu endere\u00e7o IP (Internet Protocol), o seu ISP (Internet Service Provider), o browser que utilizou ao visitar o nosso blog, o tempo da sua visita e quais p\u00e1ginas visitou.<\/p>\n<h2>Cookie DoubleClick Dart<\/h2>\n<p>O Google, como fornecedor de terceiros, utiliza cookies para exibir an\u00fancios no nosso website.<\/p>\n<p>Com o cookie DART, o Google pode exibir an\u00fancios com base nas visitas que o leitor fez a outros websites na Internet.<\/p>\n<p>Os utilizadores podem desativar o cookie DART visitando a Pol\u00edtica de privacidade da rede de conte\u00fado e dos an\u00fancios do Google.<\/p>\n<h2>Os Cookies e Web Beacons<\/h2>\n<p>Utilizamos cookies para armazenar informa\u00e7\u00e3o, tais como as suas prefer\u00eancias pessoais quando visita o nosso blog.<\/p>\n<p>Em adi\u00e7\u00e3o tamb\u00e9m utilizamos publicidade de terceiros no nosso blog para suportar os custos de manuten\u00e7\u00e3o. Alguns destes publicit\u00e1rios poder\u00e3o utilizar tecnologias como os cookies e\/ou web beacons quando publicitam no nosso blog, o que far\u00e1 com que esses publicit\u00e1rios (como o Google atrav\u00e9s do Google AdSense, por exemplo) tamb\u00e9m recebam suas informa\u00e7\u00f5es.<\/p>\n<p>Voc\u00ea det\u00e9m o poder de desligar os seus cookies, nas op\u00e7\u00f5es do seu browser, ou efetuando altera\u00e7\u00f5es nas ferramentas de programas Anti-Virus. No entanto, isso poder\u00e1 alterar a forma como interage com o nosso blog ou outros websites. Isso poder\u00e1 afetar ou n\u00e3o permitir que fa\u00e7a logins em programas, sites ou f\u00f3runs, portanto, a recomenda\u00e7\u00e3o \u00e9 manter os cookies ativados.<\/p>\n<h2>Liga\u00e7\u00f5es a sites de terceiros<\/h2>\n<p>O blog O Nexxus possui liga\u00e7\u00f5es para outros sites e blogs, os quais, a nosso ver, podem conter informa\u00e7\u00f5es e ferramentas \u00fateis para os nossos visitantes. A nossa Pol\u00edtica de Privacidade n\u00e3o \u00e9 aplicada a sites de terceiros. Assim, caso visite outro site a partir do nosso, dever\u00e1 ler a Pol\u00edtica de Privacidade do mesmo.<\/p>\n","protected":false},"excerpt":{"rendered":"<p>Todas as suas informa\u00e7\u00f5es pessoais recolhidas ser\u00e3o usadas para o ajudar a tornar a sua visita no nosso blog o mais produtiva e agrad\u00e1vel poss\u00edvel. A garantia da confidencialidade dos dados pessoais dos utilizadores do nosso site \u00e9 importante para o blog O Nexxus. Todas as informa\u00e7\u00f5es pessoais relativas a membros, assinantes, clientes ou visitantes [&hellip;]<\/p>\n","protected":false},"author":1,"featured_media":0,"parent":0,"menu_order":0,"comment_status":"closed","ping_status":"closed","template":"page-full.php","meta":{"footnotes":""},"class_list":["post-25","page","type-page","status-publish","hentry"],"blocksy_meta":[],"yoast_head":"<!-- This site is optimized with the Yoast SEO plugin v27.2 - https:\/\/yoast.com\/product\/yoast-seo-wordpress\/ -->\n<title>Pol\u00edtica de Privacidade | O Nexxus<\/title>\n<meta name=\"robots\" content=\"index, follow, max-snippet:-1, max-image-preview:large, max-video-preview:-1\" \/>\n<link rel=\"canonical\" href=\"https:\/\/onexxus.com.br\/blog\/politica-de-privacidade\/\" \/>\n<meta property=\"og:locale\" content=\"pt_BR\" \/>\n<meta property=\"og:type\" content=\"article\" \/>\n<meta property=\"og:title\" content=\"Pol\u00edtica de Privacidade | O Nexxus\" \/>\n<meta property=\"og:description\" content=\"Todas as suas informa\u00e7\u00f5es pessoais recolhidas ser\u00e3o usadas para o ajudar a tornar a sua visita no nosso blog o mais produtiva e agrad\u00e1vel poss\u00edvel. A garantia da confidencialidade dos dados pessoais dos utilizadores do nosso site \u00e9 importante para o blog O Nexxus. Todas as informa\u00e7\u00f5es pessoais relativas a membros, assinantes, clientes ou visitantes [&hellip;]\" \/>\n<meta property=\"og:url\" content=\"https:\/\/onexxus.com.br\/blog\/politica-de-privacidade\/\" \/>\n<meta property=\"og:site_name\" content=\"O Nexxus\" \/>\n<meta property=\"article:modified_time\" content=\"2019-05-14T21:19:31+00:00\" \/>\n<meta property=\"og:image\" content=\"https:\/\/onexxus.com.br\/blog\/wp-content\/uploads\/2025\/07\/fundo-principal-horizontal-1024x683.png\" \/>\n\t<meta property=\"og:image:width\" content=\"1024\" \/>\n\t<meta property=\"og:image:height\" content=\"683\" \/>\n\t<meta property=\"og:image:type\" content=\"image\/png\" \/>\n<meta name=\"twitter:card\" content=\"summary_large_image\" \/>\n<meta name=\"twitter:label1\" content=\"Est. tempo de leitura\" \/>\n\t<meta name=\"twitter:data1\" content=\"2 minutos\" \/>\n<script type=\"application\/ld+json\" class=\"yoast-schema-graph\">{\"@context\":\"https:\/\/schema.org\",\"@graph\":[{\"@type\":\"WebPage\",\"@id\":\"https:\/\/onexxus.com.br\/blog\/politica-de-privacidade\/\",\"url\":\"https:\/\/onexxus.com.br\/blog\/politica-de-privacidade\/\",\"name\":\"Pol\u00edtica de Privacidade | O Nexxus\",\"isPartOf\":{\"@id\":\"https:\/\/onexxus.com.br\/blog\/#website\"},\"datePublished\":\"2019-05-14T21:17:51+00:00\",\"dateModified\":\"2019-05-14T21:19:31+00:00\",\"breadcrumb\":{\"@id\":\"https:\/\/onexxus.com.br\/blog\/politica-de-privacidade\/#breadcrumb\"},\"inLanguage\":\"pt-BR\",\"potentialAction\":[{\"@type\":\"ReadAction\",\"target\":[\"https:\/\/onexxus.com.br\/blog\/politica-de-privacidade\/\"]}]},{\"@type\":\"BreadcrumbList\",\"@id\":\"https:\/\/onexxus.com.br\/blog\/politica-de-privacidade\/#breadcrumb\",\"itemListElement\":[{\"@type\":\"ListItem\",\"position\":1,\"name\":\"In\u00edcio\",\"item\":\"https:\/\/onexxus.com.br\/blog\/\"},{\"@type\":\"ListItem\",\"position\":2,\"name\":\"Pol\u00edtica de Privacidade\"}]},{\"@type\":\"WebSite\",\"@id\":\"https:\/\/onexxus.com.br\/blog\/#website\",\"url\":\"https:\/\/onexxus.com.br\/blog\/\",\"name\":\"O Nexxus\",\"description\":\"M\u00e9todo de sonhos l\u00facidos gratuito no Kindle Unlimited\",\"publisher\":{\"@id\":\"https:\/\/onexxus.com.br\/blog\/#\/schema\/person\/a1c329a5fe523a19624d3f14f5b0f757\"},\"potentialAction\":[{\"@type\":\"SearchAction\",\"target\":{\"@type\":\"EntryPoint\",\"urlTemplate\":\"https:\/\/onexxus.com.br\/blog\/?s={search_term_string}\"},\"query-input\":{\"@type\":\"PropertyValueSpecification\",\"valueRequired\":true,\"valueName\":\"search_term_string\"}}],\"inLanguage\":\"pt-BR\"},{\"@type\":[\"Person\",\"Organization\"],\"@id\":\"https:\/\/onexxus.com.br\/blog\/#\/schema\/person\/a1c329a5fe523a19624d3f14f5b0f757\",\"name\":\"Giovanna C\u00f3ppola\",\"image\":{\"@type\":\"ImageObject\",\"inLanguage\":\"pt-BR\",\"@id\":\"https:\/\/onexxus.com.br\/blog\/wp-content\/uploads\/2025\/07\/logo-novo5.png\",\"url\":\"https:\/\/onexxus.com.br\/blog\/wp-content\/uploads\/2025\/07\/logo-novo5.png\",\"contentUrl\":\"https:\/\/onexxus.com.br\/blog\/wp-content\/uploads\/2025\/07\/logo-novo5.png\",\"width\":1000,\"height\":150,\"caption\":\"Giovanna C\u00f3ppola\"},\"logo\":{\"@id\":\"https:\/\/onexxus.com.br\/blog\/wp-content\/uploads\/2025\/07\/logo-novo5.png\"},\"description\":\"Estudo e pratico os sonhos l\u00facidos desde 2012, mas sou apaixonada pelo universo on\u00edrico desde quando me entendo por gente. Desenvolvi O Nexxus, m\u00e9todo exclusivo de sonhos l\u00facidos, com 20 cap\u00edtulos e 20 exerc\u00edcios di\u00e1rios para voc\u00ea ter seu primeiro sonho l\u00facido em at\u00e9 20 dias.\"}]}<\/script>\n<!-- \/ Yoast SEO plugin. -->","yoast_head_json":{"title":"Pol\u00edtica de Privacidade | O Nexxus","robots":{"index":"index","follow":"follow","max-snippet":"max-snippet:-1","max-image-preview":"max-image-preview:large","max-video-preview":"max-video-preview:-1"},"canonical":"https:\/\/onexxus.com.br\/blog\/politica-de-privacidade\/","og_locale":"pt_BR","og_type":"article","og_title":"Pol\u00edtica de Privacidade | O Nexxus","og_description":"Todas as suas informa\u00e7\u00f5es pessoais recolhidas ser\u00e3o usadas para o ajudar a tornar a sua visita no nosso blog o mais produtiva e agrad\u00e1vel poss\u00edvel. A garantia da confidencialidade dos dados pessoais dos utilizadores do nosso site \u00e9 importante para o blog O Nexxus. Todas as informa\u00e7\u00f5es pessoais relativas a membros, assinantes, clientes ou visitantes [&hellip;]","og_url":"https:\/\/onexxus.com.br\/blog\/politica-de-privacidade\/","og_site_name":"O Nexxus","article_modified_time":"2019-05-14T21:19:31+00:00","og_image":[{"width":1024,"height":683,"url":"https:\/\/onexxus.com.br\/blog\/wp-content\/uploads\/2025\/07\/fundo-principal-horizontal-1024x683.png","type":"image\/png"}],"twitter_card":"summary_large_image","twitter_misc":{"Est. tempo de leitura":"2 minutos"},"schema":{"@context":"https:\/\/schema.org","@graph":[{"@type":"WebPage","@id":"https:\/\/onexxus.com.br\/blog\/politica-de-privacidade\/","url":"https:\/\/onexxus.com.br\/blog\/politica-de-privacidade\/","name":"Pol\u00edtica de Privacidade | O Nexxus","isPartOf":{"@id":"https:\/\/onexxus.com.br\/blog\/#website"},"datePublished":"2019-05-14T21:17:51+00:00","dateModified":"2019-05-14T21:19:31+00:00","breadcrumb":{"@id":"https:\/\/onexxus.com.br\/blog\/politica-de-privacidade\/#breadcrumb"},"inLanguage":"pt-BR","potentialAction":[{"@type":"ReadAction","target":["https:\/\/onexxus.com.br\/blog\/politica-de-privacidade\/"]}]},{"@type":"BreadcrumbList","@id":"https:\/\/onexxus.com.br\/blog\/politica-de-privacidade\/#breadcrumb","itemListElement":[{"@type":"ListItem","position":1,"name":"In\u00edcio","item":"https:\/\/onexxus.com.br\/blog\/"},{"@type":"ListItem","position":2,"name":"Pol\u00edtica de Privacidade"}]},{"@type":"WebSite","@id":"https:\/\/onexxus.com.br\/blog\/#website","url":"https:\/\/onexxus.com.br\/blog\/","name":"O Nexxus","description":"M\u00e9todo de sonhos l\u00facidos gratuito no Kindle Unlimited","publisher":{"@id":"https:\/\/onexxus.com.br\/blog\/#\/schema\/person\/a1c329a5fe523a19624d3f14f5b0f757"},"potentialAction":[{"@type":"SearchAction","target":{"@type":"EntryPoint","urlTemplate":"https:\/\/onexxus.com.br\/blog\/?s={search_term_string}"},"query-input":{"@type":"PropertyValueSpecification","valueRequired":true,"valueName":"search_term_string"}}],"inLanguage":"pt-BR"},{"@type":["Person","Organization"],"@id":"https:\/\/onexxus.com.br\/blog\/#\/schema\/person\/a1c329a5fe523a19624d3f14f5b0f757","name":"Giovanna C\u00f3ppola","image":{"@type":"ImageObject","inLanguage":"pt-BR","@id":"https:\/\/onexxus.com.br\/blog\/wp-content\/uploads\/2025\/07\/logo-novo5.png","url":"https:\/\/onexxus.com.br\/blog\/wp-content\/uploads\/2025\/07\/logo-novo5.png","contentUrl":"https:\/\/onexxus.com.br\/blog\/wp-content\/uploads\/2025\/07\/logo-novo5.png","width":1000,"height":150,"caption":"Giovanna C\u00f3ppola"},"logo":{"@id":"https:\/\/onexxus.com.br\/blog\/wp-content\/uploads\/2025\/07\/logo-novo5.png"},"description":"Estudo e pratico os sonhos l\u00facidos desde 2012, mas sou apaixonada pelo universo on\u00edrico desde quando me entendo por gente. Desenvolvi O Nexxus, m\u00e9todo exclusivo de sonhos l\u00facidos, com 20 cap\u00edtulos e 20 exerc\u00edcios di\u00e1rios para voc\u00ea ter seu primeiro sonho l\u00facido em at\u00e9 20 dias."}]}},"_links":{"self":[{"href":"https:\/\/onexxus.com.br\/blog\/wp-json\/wp\/v2\/pages\/25","targetHints":{"allow":["GET"]}}],"collection":[{"href":"https:\/\/onexxus.com.br\/blog\/wp-json\/wp\/v2\/pages"}],"about":[{"href":"https:\/\/onexxus.com.br\/blog\/wp-json\/wp\/v2\/types\/page"}],"author":[{"embeddable":true,"href":"https:\/\/onexxus.com.br\/blog\/wp-json\/wp\/v2\/users\/1"}],"replies":[{"embeddable":true,"href":"https:\/\/onexxus.com.br\/blog\/wp-json\/wp\/v2\/comments?post=25"}],"version-history":[{"count":1,"href":"https:\/\/onexxus.com.br\/blog\/wp-json\/wp\/v2\/pages\/25\/revisions"}],"predecessor-version":[{"id":26,"href":"https:\/\/onexxus.com.br\/blog\/wp-json\/wp\/v2\/pages\/25\/revisions\/26"}],"wp:attachment":[{"href":"https:\/\/onexxus.com.br\/blog\/wp-json\/wp\/v2\/media?parent=25"}],"curies":[{"name":"wp","href":"https:\/\/api.w.org\/{rel}","templated":true}]}}