{"id":83,"date":"2019-06-08T12:40:28","date_gmt":"2019-06-08T15:40:28","guid":{"rendered":"http:\/\/onexxus.com.br\/blog\/?page_id=83"},"modified":"2019-06-08T12:42:58","modified_gmt":"2019-06-08T15:42:58","slug":"contato","status":"publish","type":"page","link":"https:\/\/onexxus.com.br\/blog\/contato\/","title":{"rendered":"Contato"},"content":{"rendered":"<p>Preencha o formul\u00e1rio abaixo para entrar em contato!<\/p>\n\n<div class=\"wpcf7 no-js\" id=\"wpcf7-f85-o1\" lang=\"pt-BR\" dir=\"ltr\" data-wpcf7-id=\"85\">\n<div class=\"screen-reader-response\"><p role=\"status\" aria-live=\"polite\" aria-atomic=\"true\"><\/p> <ul><\/ul><\/div>\n<form action=\"\/blog\/wp-json\/wp\/v2\/pages\/83#wpcf7-f85-o1\" method=\"post\" class=\"wpcf7-form init\" aria-label=\"Formul\u00e1rios de contato\" novalidate=\"novalidate\" data-status=\"init\">\n<fieldset class=\"hidden-fields-container\"><input type=\"hidden\" name=\"_wpcf7\" value=\"85\" \/><input type=\"hidden\" name=\"_wpcf7_version\" value=\"6.1.4\" \/><input type=\"hidden\" name=\"_wpcf7_locale\" value=\"pt_BR\" \/><input type=\"hidden\" name=\"_wpcf7_unit_tag\" value=\"wpcf7-f85-o1\" \/><input type=\"hidden\" name=\"_wpcf7_container_post\" value=\"0\" \/><input type=\"hidden\" name=\"_wpcf7_posted_data_hash\" value=\"\" \/>\n<\/fieldset>\n<p><label> Seu nome (obrigat\u00f3rio)<br \/>\n<span class=\"wpcf7-form-control-wrap\" data-name=\"your-name\"><input size=\"40\" maxlength=\"400\" class=\"wpcf7-form-control wpcf7-text wpcf7-validates-as-required\" aria-required=\"true\" aria-invalid=\"false\" value=\"\" type=\"text\" name=\"your-name\" \/><\/span> <\/label>\n<\/p>\n<p><label> Seu e-mail (obrigat\u00f3rio)<br \/>\n<span class=\"wpcf7-form-control-wrap\" data-name=\"your-email\"><input size=\"40\" maxlength=\"400\" class=\"wpcf7-form-control wpcf7-email wpcf7-validates-as-required wpcf7-text wpcf7-validates-as-email\" aria-required=\"true\" aria-invalid=\"false\" value=\"\" type=\"email\" name=\"your-email\" \/><\/span> <\/label>\n<\/p>\n<p><label> Assunto<br \/>\n<span class=\"wpcf7-form-control-wrap\" data-name=\"your-subject\"><input size=\"40\" maxlength=\"400\" class=\"wpcf7-form-control wpcf7-text\" aria-invalid=\"false\" value=\"\" type=\"text\" name=\"your-subject\" \/><\/span> <\/label>\n<\/p>\n<p><label> Sua mensagem<br \/>\n<span class=\"wpcf7-form-control-wrap\" data-name=\"your-message\"><textarea cols=\"40\" rows=\"10\" maxlength=\"2000\" class=\"wpcf7-form-control wpcf7-textarea\" aria-invalid=\"false\" name=\"your-message\"><\/textarea><\/span> <\/label>\n<\/p>\n<p><input class=\"wpcf7-form-control wpcf7-submit has-spinner\" type=\"submit\" value=\"Enviar\" \/>\n<\/p><div class=\"wpcf7-response-output\" aria-hidden=\"true\"><\/div>\n<\/form>\n<\/div>\n\n","protected":false},"excerpt":{"rendered":"<p>Preencha o formul\u00e1rio abaixo para entrar em contato!<\/p>\n","protected":false},"author":1,"featured_media":0,"parent":0,"menu_order":0,"comment_status":"closed","ping_status":"closed","template":"page-full.php","meta":{"footnotes":""},"class_list":["post-83","page","type-page","status-publish","hentry"],"blocksy_meta":[],"yoast_head":"<!-- This site is optimized with the Yoast SEO plugin v27.2 - https:\/\/yoast.com\/product\/yoast-seo-wordpress\/ -->\n<title>Contato | O Nexxus<\/title>\n<meta name=\"robots\" content=\"index, follow, max-snippet:-1, max-image-preview:large, max-video-preview:-1\" \/>\n<link rel=\"canonical\" href=\"https:\/\/onexxus.com.br\/blog\/contato\/\" \/>\n<meta property=\"og:locale\" content=\"pt_BR\" \/>\n<meta property=\"og:type\" content=\"article\" \/>\n<meta property=\"og:title\" content=\"Contato | O Nexxus\" \/>\n<meta property=\"og:description\" content=\"Preencha o formul\u00e1rio abaixo para entrar em contato!\" \/>\n<meta property=\"og:url\" content=\"https:\/\/onexxus.com.br\/blog\/contato\/\" \/>\n<meta property=\"og:site_name\" content=\"O Nexxus\" \/>\n<meta property=\"article:modified_time\" content=\"2019-06-08T15:42:58+00:00\" \/>\n<meta property=\"og:image\" content=\"https:\/\/onexxus.com.br\/blog\/wp-content\/uploads\/2025\/07\/fundo-principal-horizontal-1024x683.png\" \/>\n\t<meta property=\"og:image:width\" content=\"1024\" \/>\n\t<meta property=\"og:image:height\" content=\"683\" \/>\n\t<meta property=\"og:image:type\" content=\"image\/png\" \/>\n<meta name=\"twitter:card\" content=\"summary_large_image\" \/>\n<script type=\"application\/ld+json\" class=\"yoast-schema-graph\">{\"@context\":\"https:\/\/schema.org\",\"@graph\":[{\"@type\":\"WebPage\",\"@id\":\"https:\/\/onexxus.com.br\/blog\/contato\/\",\"url\":\"https:\/\/onexxus.com.br\/blog\/contato\/\",\"name\":\"Contato | O Nexxus\",\"isPartOf\":{\"@id\":\"https:\/\/onexxus.com.br\/blog\/#website\"},\"datePublished\":\"2019-06-08T15:40:28+00:00\",\"dateModified\":\"2019-06-08T15:42:58+00:00\",\"breadcrumb\":{\"@id\":\"https:\/\/onexxus.com.br\/blog\/contato\/#breadcrumb\"},\"inLanguage\":\"pt-BR\",\"potentialAction\":[{\"@type\":\"ReadAction\",\"target\":[\"https:\/\/onexxus.com.br\/blog\/contato\/\"]}]},{\"@type\":\"BreadcrumbList\",\"@id\":\"https:\/\/onexxus.com.br\/blog\/contato\/#breadcrumb\",\"itemListElement\":[{\"@type\":\"ListItem\",\"position\":1,\"name\":\"In\u00edcio\",\"item\":\"https:\/\/onexxus.com.br\/blog\/\"},{\"@type\":\"ListItem\",\"position\":2,\"name\":\"Contato\"}]},{\"@type\":\"WebSite\",\"@id\":\"https:\/\/onexxus.com.br\/blog\/#website\",\"url\":\"https:\/\/onexxus.com.br\/blog\/\",\"name\":\"O Nexxus\",\"description\":\"M\u00e9todo de sonhos l\u00facidos gratuito no Kindle Unlimited\",\"publisher\":{\"@id\":\"https:\/\/onexxus.com.br\/blog\/#\/schema\/person\/a1c329a5fe523a19624d3f14f5b0f757\"},\"potentialAction\":[{\"@type\":\"SearchAction\",\"target\":{\"@type\":\"EntryPoint\",\"urlTemplate\":\"https:\/\/onexxus.com.br\/blog\/?s={search_term_string}\"},\"query-input\":{\"@type\":\"PropertyValueSpecification\",\"valueRequired\":true,\"valueName\":\"search_term_string\"}}],\"inLanguage\":\"pt-BR\"},{\"@type\":[\"Person\",\"Organization\"],\"@id\":\"https:\/\/onexxus.com.br\/blog\/#\/schema\/person\/a1c329a5fe523a19624d3f14f5b0f757\",\"name\":\"Giovanna C\u00f3ppola\",\"image\":{\"@type\":\"ImageObject\",\"inLanguage\":\"pt-BR\",\"@id\":\"https:\/\/onexxus.com.br\/blog\/wp-content\/uploads\/2025\/07\/logo-novo5.png\",\"url\":\"https:\/\/onexxus.com.br\/blog\/wp-content\/uploads\/2025\/07\/logo-novo5.png\",\"contentUrl\":\"https:\/\/onexxus.com.br\/blog\/wp-content\/uploads\/2025\/07\/logo-novo5.png\",\"width\":1000,\"height\":150,\"caption\":\"Giovanna C\u00f3ppola\"},\"logo\":{\"@id\":\"https:\/\/onexxus.com.br\/blog\/wp-content\/uploads\/2025\/07\/logo-novo5.png\"},\"description\":\"Estudo e pratico os sonhos l\u00facidos desde 2012, mas sou apaixonada pelo universo on\u00edrico desde quando me entendo por gente. Desenvolvi O Nexxus, m\u00e9todo exclusivo de sonhos l\u00facidos, com 20 cap\u00edtulos e 20 exerc\u00edcios di\u00e1rios para voc\u00ea ter seu primeiro sonho l\u00facido em at\u00e9 20 dias.\"}]}<\/script>\n<!-- \/ Yoast SEO plugin. -->","yoast_head_json":{"title":"Contato | O Nexxus","robots":{"index":"index","follow":"follow","max-snippet":"max-snippet:-1","max-image-preview":"max-image-preview:large","max-video-preview":"max-video-preview:-1"},"canonical":"https:\/\/onexxus.com.br\/blog\/contato\/","og_locale":"pt_BR","og_type":"article","og_title":"Contato | O Nexxus","og_description":"Preencha o formul\u00e1rio abaixo para entrar em contato!","og_url":"https:\/\/onexxus.com.br\/blog\/contato\/","og_site_name":"O Nexxus","article_modified_time":"2019-06-08T15:42:58+00:00","og_image":[{"width":1024,"height":683,"url":"https:\/\/onexxus.com.br\/blog\/wp-content\/uploads\/2025\/07\/fundo-principal-horizontal-1024x683.png","type":"image\/png"}],"twitter_card":"summary_large_image","schema":{"@context":"https:\/\/schema.org","@graph":[{"@type":"WebPage","@id":"https:\/\/onexxus.com.br\/blog\/contato\/","url":"https:\/\/onexxus.com.br\/blog\/contato\/","name":"Contato | O Nexxus","isPartOf":{"@id":"https:\/\/onexxus.com.br\/blog\/#website"},"datePublished":"2019-06-08T15:40:28+00:00","dateModified":"2019-06-08T15:42:58+00:00","breadcrumb":{"@id":"https:\/\/onexxus.com.br\/blog\/contato\/#breadcrumb"},"inLanguage":"pt-BR","potentialAction":[{"@type":"ReadAction","target":["https:\/\/onexxus.com.br\/blog\/contato\/"]}]},{"@type":"BreadcrumbList","@id":"https:\/\/onexxus.com.br\/blog\/contato\/#breadcrumb","itemListElement":[{"@type":"ListItem","position":1,"name":"In\u00edcio","item":"https:\/\/onexxus.com.br\/blog\/"},{"@type":"ListItem","position":2,"name":"Contato"}]},{"@type":"WebSite","@id":"https:\/\/onexxus.com.br\/blog\/#website","url":"https:\/\/onexxus.com.br\/blog\/","name":"O Nexxus","description":"M\u00e9todo de sonhos l\u00facidos gratuito no Kindle Unlimited","publisher":{"@id":"https:\/\/onexxus.com.br\/blog\/#\/schema\/person\/a1c329a5fe523a19624d3f14f5b0f757"},"potentialAction":[{"@type":"SearchAction","target":{"@type":"EntryPoint","urlTemplate":"https:\/\/onexxus.com.br\/blog\/?s={search_term_string}"},"query-input":{"@type":"PropertyValueSpecification","valueRequired":true,"valueName":"search_term_string"}}],"inLanguage":"pt-BR"},{"@type":["Person","Organization"],"@id":"https:\/\/onexxus.com.br\/blog\/#\/schema\/person\/a1c329a5fe523a19624d3f14f5b0f757","name":"Giovanna C\u00f3ppola","image":{"@type":"ImageObject","inLanguage":"pt-BR","@id":"https:\/\/onexxus.com.br\/blog\/wp-content\/uploads\/2025\/07\/logo-novo5.png","url":"https:\/\/onexxus.com.br\/blog\/wp-content\/uploads\/2025\/07\/logo-novo5.png","contentUrl":"https:\/\/onexxus.com.br\/blog\/wp-content\/uploads\/2025\/07\/logo-novo5.png","width":1000,"height":150,"caption":"Giovanna C\u00f3ppola"},"logo":{"@id":"https:\/\/onexxus.com.br\/blog\/wp-content\/uploads\/2025\/07\/logo-novo5.png"},"description":"Estudo e pratico os sonhos l\u00facidos desde 2012, mas sou apaixonada pelo universo on\u00edrico desde quando me entendo por gente. Desenvolvi O Nexxus, m\u00e9todo exclusivo de sonhos l\u00facidos, com 20 cap\u00edtulos e 20 exerc\u00edcios di\u00e1rios para voc\u00ea ter seu primeiro sonho l\u00facido em at\u00e9 20 dias."}]}},"_links":{"self":[{"href":"https:\/\/onexxus.com.br\/blog\/wp-json\/wp\/v2\/pages\/83","targetHints":{"allow":["GET"]}}],"collection":[{"href":"https:\/\/onexxus.com.br\/blog\/wp-json\/wp\/v2\/pages"}],"about":[{"href":"https:\/\/onexxus.com.br\/blog\/wp-json\/wp\/v2\/types\/page"}],"author":[{"embeddable":true,"href":"https:\/\/onexxus.com.br\/blog\/wp-json\/wp\/v2\/users\/1"}],"replies":[{"embeddable":true,"href":"https:\/\/onexxus.com.br\/blog\/wp-json\/wp\/v2\/comments?post=83"}],"version-history":[{"count":2,"href":"https:\/\/onexxus.com.br\/blog\/wp-json\/wp\/v2\/pages\/83\/revisions"}],"predecessor-version":[{"id":86,"href":"https:\/\/onexxus.com.br\/blog\/wp-json\/wp\/v2\/pages\/83\/revisions\/86"}],"wp:attachment":[{"href":"https:\/\/onexxus.com.br\/blog\/wp-json\/wp\/v2\/media?parent=83"}],"curies":[{"name":"wp","href":"https:\/\/api.w.org\/{rel}","templated":true}]}}